{"id":662,"date":"2022-02-06T10:41:14","date_gmt":"2022-02-06T09:41:14","guid":{"rendered":"https:\/\/blog.tesniere.fr\/?page_id=662"},"modified":"2022-02-07T00:57:13","modified_gmt":"2022-02-06T23:57:13","slug":"lorchestre-dharmonie-de-notre-dame-de-bondeville","status":"publish","type":"page","link":"https:\/\/blog.tesniere.fr\/index.php\/lorchestre-dharmonie-de-notre-dame-de-bondeville\/","title":{"rendered":"L&rsquo;Orchestre d&rsquo;Harmonie de Notre-Dame-de-Bondeville"},"content":{"rendered":"\n<p>C&rsquo;est l&rsquo;orchestre dans lequel je joue depuis le plus longtemps. J&rsquo;y suis arriv\u00e9 en 1986 alors qu&rsquo;il \u00e9tait encore l&rsquo;orchestre de l&rsquo;\u00e9cole de musique puis en 1982 lorsqu&rsquo;il s&rsquo;est constitu\u00e9 en association en 1992 j&rsquo;en ai \u00e9t\u00e9 le premier tr\u00e9sorier .<\/p>\n\n\n\n<p>Depuis mon \u00e9lection en 2020, j&rsquo;en assure la pr\u00e9sidence, entour\u00e9 par le conseil d&rsquo;administration et de Philippe Picard qui dirige cet orchestre \u00e0 la suite de R\u00e9my M\u00e9tayer, directeur historique \u00e0 l&rsquo;origine de la fondation de l&rsquo;association.<\/p>\n\n\n\n<p>Depuis toujours, cet orchestre b\u00e9n\u00e9ficie de la ville de Notre-Dame-De Bondeville, Ville dans laquelle nous avons plaisir \u00e0 nous produire.<\/p>\n\n\n\n<p>Pendant la crise COVID, devant l&rsquo;impossibilit\u00e9 de nous retrouver pour les r\u00e9p\u00e9tition, nous avons pu continuer sous une forme \u00e0 distance. Une page de ce site est d\u00e9di\u00e9e \u00e0 cette p\u00e9riode.<\/p>\n\n\n\n<div class=\"wp-block-buttons is-layout-flex wp-block-buttons-is-layout-flex\">\n<div class=\"wp-block-button\"><a class=\"wp-block-button__link\" href=\"https:\/\/blog.tesniere.fr\/index.php\/le-tele-ohb\/\">voir la page TELEOHB<\/a><\/div>\n<\/div>\n\n\n\n<p><\/p>\n","protected":false},"excerpt":{"rendered":"<p>C&rsquo;est l&rsquo;orchestre dans lequel je joue depuis le plus longtemps. J&rsquo;y suis arriv\u00e9 en 1986 alors qu&rsquo;il \u00e9tait encore l&rsquo;orchestre de l&rsquo;\u00e9cole de musique puis&hellip;<\/p>\n","protected":false},"author":1,"featured_media":0,"parent":0,"menu_order":0,"comment_status":"closed","ping_status":"closed","template":"","meta":{"footnotes":""},"class_list":["post-662","page","type-page","status-publish","hentry"],"_links":{"self":[{"href":"https:\/\/blog.tesniere.fr\/index.php\/wp-json\/wp\/v2\/pages\/662","targetHints":{"allow":["GET"]}}],"collection":[{"href":"https:\/\/blog.tesniere.fr\/index.php\/wp-json\/wp\/v2\/pages"}],"about":[{"href":"https:\/\/blog.tesniere.fr\/index.php\/wp-json\/wp\/v2\/types\/page"}],"author":[{"embeddable":true,"href":"https:\/\/blog.tesniere.fr\/index.php\/wp-json\/wp\/v2\/users\/1"}],"replies":[{"embeddable":true,"href":"https:\/\/blog.tesniere.fr\/index.php\/wp-json\/wp\/v2\/comments?post=662"}],"version-history":[{"count":7,"href":"https:\/\/blog.tesniere.fr\/index.php\/wp-json\/wp\/v2\/pages\/662\/revisions"}],"predecessor-version":[{"id":699,"href":"https:\/\/blog.tesniere.fr\/index.php\/wp-json\/wp\/v2\/pages\/662\/revisions\/699"}],"wp:attachment":[{"href":"https:\/\/blog.tesniere.fr\/index.php\/wp-json\/wp\/v2\/media?parent=662"}],"curies":[{"name":"wp","href":"https:\/\/api.w.org\/{rel}","templated":true}]}}