{"id":531,"date":"2022-02-05T13:48:03","date_gmt":"2022-02-05T12:48:03","guid":{"rendered":"http:\/\/blog.tesniere.fr\/?page_id=531"},"modified":"2022-02-05T14:52:26","modified_gmt":"2022-02-05T13:52:26","slug":"le-tele-ohb","status":"publish","type":"page","link":"https:\/\/blog.tesniere.fr\/index.php\/le-tele-ohb\/","title":{"rendered":"Le T\u00e9l\u00e9-OHB"},"content":{"rendered":"\n<h2 class=\"wp-block-heading\" id=\"le-contexte\">Le contexte<\/h2>\n\n\n\n<p>Pendant des semaines, ce maudit virus nous a impos\u00e9 un confinement et des mesures de distanciations physique qui nous ont emp\u00each\u00e9 de faire de la musique d&rsquo;ensemble. Ces r\u00e9p\u00e9titions nous  manquaient. Pour garder un peu de lien social et faire un peu de musique nous avons tent\u00e9 une exp\u00e9rience que d&rsquo;autres avaient d\u00e9j\u00e0 tent\u00e9 et r\u00e9ussi avant nous.<\/p>\n\n\n\n<h2 class=\"wp-block-heading\" id=\"le-projet\">Le projet<\/h2>\n\n\n\n<p>Apr\u00e8s le t\u00e9l\u00e9travail ( ou la t\u00e9l\u00e9-retraite pour certains),  une exp\u00e9rience de t\u00e9l\u00e9-orchestre. Le principe est simple :&nbsp; on fait de la musique d&rsquo;ensemble mais chacun chez soi. Il n&rsquo;est pas possible de faire l&rsquo;enregistrement en direct, alors chacun enregistre chez lui et je me charge des montages. Pour garder tous le m\u00eame tempo, on joue en \u00e9coutant un enregistrement. l&rsquo;avantage de jouer seul c&rsquo;est qu&rsquo;on peu reprendre certaines phrases sans tout refaire. Il y a un cot\u00e9 technique qui complique par rapport \u00e0 la r\u00e9p\u00e9tition, il faut s&rsquo;enregistrer avec son t\u00e9l\u00e9phone ou un PC portable (\u00e7a marche plut\u00f4t bien) et envoyer les vid\u00e9os. <\/p>\n\n\n\n<h2 class=\"wp-block-heading\" id=\"nos-productions-1\">Nos Productions<\/h2>\n\n\n\n<p>Au cours des diff\u00e9rents \u00e9pisodes de la crise sanitaire nous avons d\u00fb nous arr\u00eater pendant plusieurs p\u00e9riodes auxours desquelles nous avons r\u00e9activ\u00e9 le projet.<\/p>\n\n\n\n<h2 class=\"wp-block-heading\" id=\"saison-i\">SAISON I<\/h2>\n\n\n\n<p><\/p>\n\n\n\n<h3 class=\"wp-block-heading\" id=\"episode-1-le-masque-de-zorro\">Episode 1 : le masque de zorro<\/h3>\n\n\n\n<p>Notre premier titre est publi\u00e9.<\/p>\n\n\n\n<iframe loading=\"lazy\" src=\"https:\/\/www.youtube.com\/embed\/J-ZzkVGdPBk\" title=\"YouTube video player\" allow=\"accelerometer; autoplay; clipboard-write; encrypted-media; gyroscope; picture-in-picture\" allowfullscreen=\"\" width=\"660\" height=\"515\" frameborder=\"0\"><\/iframe>\n\n\n\n<p>Merci Titite,Doris, Lulu, Eliane, Jean-Marie, Huguette, St\u00e9phane, Antoine , Jean, Fouine , Fifi, Philou, Anne-So St\u00e9phane et R\u00e9my.<\/p>\n\n\n\n<h3 class=\"wp-block-heading\" id=\"episode-1-le-masque-de-zorro\">Episode 2 :  \u00ab\u00a0My heart Will go on\u00a0\u00bb (du film Titanic)<\/h3>\n\n\n\n<iframe loading=\"lazy\" src=\"https:\/\/www.youtube-nocookie.com\/embed\/hwvaxSnz854\" title=\"YouTube video player\" allow=\"accelerometer; autoplay; clipboard-write; encrypted-media; gyroscope; picture-in-picture\" allowfullscreen=\"\" width=\"660\" height=\"515\" frameborder=\"0\"><\/iframe>\n\n\n\n<p>Belle performance de Remy qui doit imaginer son orchestre sans le voir.Voil\u00e0 notre montage.&nbsp;<\/p>\n\n\n\n<h3 class=\"wp-block-heading\" id=\"episode-1-le-masque-de-zorro\">Episode 3 :  \u00ab\u00a0Pirates des cara\u00efbes\u00a0\u00bb<\/h3>\n\n\n\n<p><\/p>\n\n\n\n<p>On continue notre s\u00e9rie cin\u00e9ma, m\u00eame si les salles ne sont pas encore ouvertes : nous restons dans le domaine maritime.<br>Merci \u00e0 Eliane et Jean-Marie pour votre contribution pr\u00e9cieuse dans l&rsquo;enregistrement du support de la bande son.<\/p>\n\n\n\n<iframe loading=\"lazy\" src=\"https:\/\/www.youtube-nocookie.com\/embed\/J1rhMPpjrpE\" title=\"YouTube video player\" allow=\"accelerometer; autoplay; clipboard-write; encrypted-media; gyroscope; picture-in-picture\" allowfullscreen=\"\" width=\"660\" height=\"515\" frameborder=\"0\"><\/iframe>\n\n\n\n<p><\/p>\n\n\n\n<hr class=\"wp-block-separator\"\/>\n\n\n\n<h2 class=\"wp-block-heading\" id=\"saison-ii\">SAISON II<\/h2>\n\n\n\n<p>L&rsquo;orchestre venait \u00e0 peine de faire connaissance avec son nouveau chef que d\u00e9j\u00e0 le confinement nous coupait dans notre \u00e9lan. Nous ne souhaitons pas arr\u00eater de jouer mais comme nous sommes responsables, nous allons jouer s\u00e9par\u00e9s en respectant les consignes sanitaires. Puisque nous avions commenc\u00e9 \u00e0 travailler un nouveau programme avec Philippe, continuons ce travail et t\u00e9l\u00e9 orchestre.<\/p>\n\n\n\n<h3 class=\"wp-block-heading\" id=\"episode-i-bella-ciao\">Episode I :&nbsp; BELLA CIAO<\/h3>\n\n\n\n<p>Merci \u00e0&nbsp; Jean-Marie et Eliane pour leur aide dans la production de la bande son.<\/p>\n\n\n\n<iframe loading=\"lazy\" src=\"https:\/\/www.youtube-nocookie.com\/embed\/ZPF-13l7Imc\" title=\"YouTube video player\" allow=\"accelerometer; autoplay; clipboard-write; encrypted-media; gyroscope; picture-in-picture\" allowfullscreen=\"\" width=\"600\" height=\"515\" frameborder=\"0\"><\/iframe>\n\n\n\n<p>La saison s&rsquo;arr\u00eatera l\u00e0. Fort heureusement nous avons pu reprendre nos r\u00e9p\u00e9titions en pr\u00e9sentiel<\/p>\n","protected":false},"excerpt":{"rendered":"<p>Le contexte Pendant des semaines, ce maudit virus nous a impos\u00e9 un confinement et des mesures de distanciations physique qui nous ont emp\u00each\u00e9 de faire&hellip;<\/p>\n","protected":false},"author":1,"featured_media":0,"parent":0,"menu_order":1,"comment_status":"closed","ping_status":"closed","template":"","meta":{"footnotes":""},"class_list":["post-531","page","type-page","status-publish","hentry"],"_links":{"self":[{"href":"https:\/\/blog.tesniere.fr\/index.php\/wp-json\/wp\/v2\/pages\/531","targetHints":{"allow":["GET"]}}],"collection":[{"href":"https:\/\/blog.tesniere.fr\/index.php\/wp-json\/wp\/v2\/pages"}],"about":[{"href":"https:\/\/blog.tesniere.fr\/index.php\/wp-json\/wp\/v2\/types\/page"}],"author":[{"embeddable":true,"href":"https:\/\/blog.tesniere.fr\/index.php\/wp-json\/wp\/v2\/users\/1"}],"replies":[{"embeddable":true,"href":"https:\/\/blog.tesniere.fr\/index.php\/wp-json\/wp\/v2\/comments?post=531"}],"version-history":[{"count":6,"href":"https:\/\/blog.tesniere.fr\/index.php\/wp-json\/wp\/v2\/pages\/531\/revisions"}],"predecessor-version":[{"id":569,"href":"https:\/\/blog.tesniere.fr\/index.php\/wp-json\/wp\/v2\/pages\/531\/revisions\/569"}],"wp:attachment":[{"href":"https:\/\/blog.tesniere.fr\/index.php\/wp-json\/wp\/v2\/media?parent=531"}],"curies":[{"name":"wp","href":"https:\/\/api.w.org\/{rel}","templated":true}]}}