{"id":524,"date":"2022-02-05T11:43:23","date_gmt":"2022-02-05T10:43:23","guid":{"rendered":"http:\/\/blog.tesniere.fr\/?page_id=524"},"modified":"2022-02-05T11:54:43","modified_gmt":"2022-02-05T10:54:43","slug":"mes-outils","status":"publish","type":"page","link":"https:\/\/blog.tesniere.fr\/index.php\/mes-outils\/","title":{"rendered":"Mes outils"},"content":{"rendered":"Vous devez \u00eatre connect\u00e9 pour voir ce contenu.","protected":false},"excerpt":{"rendered":"Vous devez \u00eatre connect\u00e9 pour voir ce contenu.","protected":false},"author":1,"featured_media":0,"parent":0,"menu_order":0,"comment_status":"closed","ping_status":"closed","template":"","meta":{"footnotes":""},"class_list":["post-524","page","type-page","status-publish","hentry"],"_links":{"self":[{"href":"https:\/\/blog.tesniere.fr\/index.php\/wp-json\/wp\/v2\/pages\/524","targetHints":{"allow":["GET"]}}],"collection":[{"href":"https:\/\/blog.tesniere.fr\/index.php\/wp-json\/wp\/v2\/pages"}],"about":[{"href":"https:\/\/blog.tesniere.fr\/index.php\/wp-json\/wp\/v2\/types\/page"}],"author":[{"embeddable":true,"href":"https:\/\/blog.tesniere.fr\/index.php\/wp-json\/wp\/v2\/users\/1"}],"replies":[{"embeddable":true,"href":"https:\/\/blog.tesniere.fr\/index.php\/wp-json\/wp\/v2\/comments?post=524"}],"version-history":[{"count":2,"href":"https:\/\/blog.tesniere.fr\/index.php\/wp-json\/wp\/v2\/pages\/524\/revisions"}],"predecessor-version":[{"id":527,"href":"https:\/\/blog.tesniere.fr\/index.php\/wp-json\/wp\/v2\/pages\/524\/revisions\/527"}],"wp:attachment":[{"href":"https:\/\/blog.tesniere.fr\/index.php\/wp-json\/wp\/v2\/media?parent=524"}],"curies":[{"name":"wp","href":"https:\/\/api.w.org\/{rel}","templated":true}]}}